{"id":39,"date":"2022-06-21T14:32:29","date_gmt":"2022-06-21T18:32:29","guid":{"rendered":"https:\/\/balistiquemusique.com\/?page_id=39"},"modified":"2022-06-21T14:41:33","modified_gmt":"2022-06-21T18:41:33","slug":"politique-de-confidentialite","status":"publish","type":"page","link":"https:\/\/balistiquemusique.com\/en\/politique-de-confidentialite\/","title":{"rendered":"Privacy Policy"},"content":{"rendered":"<h2 class=\"alignwide has-text-align-center has-kb-palette-2-color has-text-color wp-block-heading\">Privacy Policy<\/h2>\n\n\n\n<h2 class=\"has-kb-palette-2-color has-text-color wp-block-heading\">Who we are<\/h2>\n\n\n\n<p class=\"has-kb-palette-2-color has-text-color\">Our website address is: https:\/\/balistiquemusique.com.<\/p>\n\n\n\n<h2 class=\"has-kb-palette-2-color has-text-color wp-block-heading\">Comments<\/h2>\n\n\n\n<p class=\"has-kb-palette-2-color has-text-color\">When you leave a comment on our website, the data entered in the comment form, but also your IP address and your browser's user agent are collected to help us detect unwanted comments.<\/p>\n\n\n\n<p><\/p>\n\n\n\n<p class=\"has-kb-palette-2-color has-text-color\">Une cha\u00eene anonymis\u00e9e cr\u00e9\u00e9e \u00e0 partir de votre adresse courriel (\u00e9galement appel\u00e9e \u00ab\u00a0hash\u00a0\u00bb) peut \u00eatre envoy\u00e9e au service Gravatar pour v\u00e9rifier si vous utilisez ce dernier. Les politiques de confidentialit\u00e9 du service Gravatar sont disponibles ici : https:\/\/automattic.com\/privacy\/. Apr\u00e8s validation de votre commentaire, votre photo de profil sera visible publiquement \u00e0 cot\u00e9 de votre commentaire.<\/p>\n\n\n\n<p><\/p>\n\n\n\n<h2 class=\"has-kb-palette-2-color has-text-color wp-block-heading\">Cookies<\/h2>\n\n\n\n<p class=\"has-kb-palette-2-color has-text-color\">If you leave a comment on our site, you will be asked to save your name, email address and website in cookies. This is only for your convenience so that you do not have to enter this information if you leave another comment later. These cookies expire after one year.<\/p>\n\n\n\n<p><\/p>\n\n\n\n<h2 class=\"has-kb-palette-2-color has-text-color wp-block-heading\">Embedded content from other websites<\/h2>\n\n\n\n<p class=\"has-kb-palette-2-color has-text-color\">Articles on this site may include embedded content (e.g. videos, images, articles, etc.). Embedded content from other sites behaves in the same way as if the visitor were on that other site.<\/p>\n\n\n\n<p><\/p>\n\n\n\n<p class=\"has-kb-palette-2-color has-text-color\">These websites may collect data about you, use cookies, install third-party tracking tools, or track your interactions with such embedded content if you have an account and are logged into their website.<\/p>\n\n\n\n<p><\/p>\n\n\n\n<h2 class=\"has-kb-palette-2-color has-text-color wp-block-heading\">How long will your data be kept?<\/h2>\n\n\n\n<p class=\"has-kb-palette-2-color has-text-color\">If you leave a comment, the comment and its metadata are kept indefinitely. This allows subsequent comments to be automatically recognized and approved instead of being left in the moderation queue.<\/p>\n\n\n\n<p><\/p>\n\n\n\n<h2 class=\"has-kb-palette-2-color has-text-color wp-block-heading\">What are your rights to your data?<\/h2>\n\n\n\n<p class=\"has-kb-palette-2-color has-text-color\">If you have an account or have left comments on this site, you may request to receive a file containing all the personal data we have about you, including the data you have provided to us. You may also request the deletion of your personal data. This does not include data kept for administrative, legal or security purposes.<\/p>\n\n\n\n<p><\/p>\n\n\n\n<h2 class=\"has-kb-palette-2-color has-text-color wp-block-heading\">Where your data is sent<\/h2>\n\n\n\n<p class=\"has-kb-palette-2-color has-text-color\">Visitor comments can be checked with an automated comment detection service.<\/p>","protected":false},"excerpt":{"rendered":"<p>Politique de confidentialit\u00e9 Qui sommes-nous L&rsquo;adresse de notre site web est : https:\/\/balistiquemusique.com. Commentaires Quand vous laissez un commentaire sur notre site web, les donn\u00e9es inscrites dans le formulaire de commentaire, mais aussi votre adresse IP et l\u2019agent utilisateur de votre navigateur sont collect\u00e9s pour nous aider \u00e0 la d\u00e9tection des commentaires ind\u00e9sirables. Une cha\u00eene [&hellip;]<\/p>\n","protected":false},"author":1,"featured_media":0,"parent":0,"menu_order":0,"comment_status":"closed","ping_status":"closed","template":"","meta":{"_coblocks_attr":"","_coblocks_dimensions":"","_coblocks_responsive_height":"","_coblocks_accordion_ie_support":"","hide_page_title":"","footnotes":""},"class_list":["post-39","page","type-page","status-publish","hentry"],"_links":{"self":[{"href":"https:\/\/balistiquemusique.com\/en\/wp-json\/wp\/v2\/pages\/39","targetHints":{"allow":["GET"]}}],"collection":[{"href":"https:\/\/balistiquemusique.com\/en\/wp-json\/wp\/v2\/pages"}],"about":[{"href":"https:\/\/balistiquemusique.com\/en\/wp-json\/wp\/v2\/types\/page"}],"author":[{"embeddable":true,"href":"https:\/\/balistiquemusique.com\/en\/wp-json\/wp\/v2\/users\/1"}],"replies":[{"embeddable":true,"href":"https:\/\/balistiquemusique.com\/en\/wp-json\/wp\/v2\/comments?post=39"}],"version-history":[{"count":5,"href":"https:\/\/balistiquemusique.com\/en\/wp-json\/wp\/v2\/pages\/39\/revisions"}],"predecessor-version":[{"id":268,"href":"https:\/\/balistiquemusique.com\/en\/wp-json\/wp\/v2\/pages\/39\/revisions\/268"}],"wp:attachment":[{"href":"https:\/\/balistiquemusique.com\/en\/wp-json\/wp\/v2\/media?parent=39"}],"curies":[{"name":"wp","href":"https:\/\/api.w.org\/{rel}","templated":true}]}}