{"id":164,"date":"2022-06-20T14:05:07","date_gmt":"2022-06-20T18:05:07","guid":{"rendered":"https:\/\/balistiquemusique.com\/?page_id=164"},"modified":"2025-01-21T15:05:28","modified_gmt":"2025-01-21T20:05:28","slug":"a-propos","status":"publish","type":"page","link":"https:\/\/balistiquemusique.com\/en\/a-propos\/","title":{"rendered":"About us"},"content":{"rendered":"<div class=\"wp-block-coblocks-hero alignfull has-text-color has-quaternary-color coblocks-hero-520141134121\"><div class=\"wp-block-coblocks-hero__inner has-background-overlay bg-cover has-background-image bg-no-repeat has-background-overlay-30 hero-center-left-align has-padding has-large-padding has-left-content\" style=\"background-image:url(https:\/\/balistiquemusique.com\/wp-content\/uploads\/2022\/06\/Balistique-Musique-0023-scaled.jpg);background-position:56.99999999999999% 38%;min-height:500px\"><div class=\"wp-block-coblocks-hero__content-wrapper\"><div class=\"wp-block-coblocks-hero__content\" style=\"max-width:882px\">\n<h2 class=\"wp-block-heading has-quaternary-color has-text-color\">Balistique Musique<\/h2>\n\n\n\n<p class=\"has-quaternary-color has-text-color translation-block\">Founded in 2022 by former professional football player, Etienne Boulay, and chart-topping artist and music producer, John Anthony Gagnon-Robinette (of Ka\u00efn). The duo joined forces to create the boutique record label, Balistique Musique. The label has an innovative and collaborative approach, putting artist interests first to ensure they reach their full potential. The label\u2019s core values of respect, innovation and passion, guide their efforts of in-house music production and marketing strategy. The label provides a full range of services to artists by partnering with industry leaders to offer digital distribution, radio promotion, public relations, music publishing, show production and live show booking<\/p>\n<\/div><\/div><\/div><\/div>\n\n\n\n<div class=\"wp-block-media-text alignwide is-stacked-on-mobile\" style=\"grid-template-columns:35% auto\"><figure class=\"wp-block-media-text__media\"><img fetchpriority=\"high\" decoding=\"async\" width=\"683\" height=\"1024\" src=\"https:\/\/balistiquemusique.com\/wp-content\/uploads\/2022\/06\/Balistique-Musique-0002-683x1024.jpg\" alt=\"\" class=\"wp-image-179 size-full\" srcset=\"https:\/\/balistiquemusique.com\/wp-content\/uploads\/2022\/06\/Balistique-Musique-0002-683x1024.jpg 683w, https:\/\/balistiquemusique.com\/wp-content\/uploads\/2022\/06\/Balistique-Musique-0002-200x300.jpg 200w, https:\/\/balistiquemusique.com\/wp-content\/uploads\/2022\/06\/Balistique-Musique-0002-768x1152.jpg 768w, https:\/\/balistiquemusique.com\/wp-content\/uploads\/2022\/06\/Balistique-Musique-0002-1024x1536.jpg 1024w, https:\/\/balistiquemusique.com\/wp-content\/uploads\/2022\/06\/Balistique-Musique-0002-1365x2048.jpg 1365w, https:\/\/balistiquemusique.com\/wp-content\/uploads\/2022\/06\/Balistique-Musique-0002-8x12.jpg 8w, https:\/\/balistiquemusique.com\/wp-content\/uploads\/2022\/06\/Balistique-Musique-0002-scaled.jpg 1707w\" sizes=\"(max-width: 683px) 100vw, 683px\" \/><\/figure><div class=\"wp-block-media-text__content\">\n<p class=\"has-text-align-left has-quaternary-color has-text-color has-medium-font-size\">\u00c9tienne Boulay played 7 professional seasons (New York Jets, Montreal Alouettes, Toronto Argonauts) before becoming involved in communications and media in Quebec. He also hosted a popular morning radio show on a major commercial station in Montreal. His professional network is impressive and people from many fields call on him for advice and guidance.<\/p>\n<\/div><\/div>\n\n\n\n<div class=\"wp-block-media-text alignwide has-media-on-the-right is-stacked-on-mobile\" style=\"grid-template-columns:auto 35%\"><div class=\"wp-block-media-text__content\">\n<p class=\"has-text-align-left has-quaternary-color has-text-color has-medium-font-size\">John Anthony is a professional musician, leading Montreal session player, television musician and country music producer. He is a member of \"Kain\", one of the most popular bands in Quebec\/Canada with fifteen #1 radio hits. He produced the last album of Brittany Kennell (The Voice, Blake Shelton's team), the first female country artist from Quebec to sing at the Grand Ole Opry.<\/p>\n<\/div><figure class=\"wp-block-media-text__media\"><img decoding=\"async\" width=\"683\" height=\"1024\" src=\"https:\/\/balistiquemusique.com\/wp-content\/uploads\/2022\/06\/Balistique-Musique-0037-683x1024.jpg\" alt=\"\" class=\"wp-image-180 size-full\" srcset=\"https:\/\/balistiquemusique.com\/wp-content\/uploads\/2022\/06\/Balistique-Musique-0037-683x1024.jpg 683w, https:\/\/balistiquemusique.com\/wp-content\/uploads\/2022\/06\/Balistique-Musique-0037-200x300.jpg 200w, https:\/\/balistiquemusique.com\/wp-content\/uploads\/2022\/06\/Balistique-Musique-0037-768x1152.jpg 768w, https:\/\/balistiquemusique.com\/wp-content\/uploads\/2022\/06\/Balistique-Musique-0037-1024x1536.jpg 1024w, https:\/\/balistiquemusique.com\/wp-content\/uploads\/2022\/06\/Balistique-Musique-0037-1365x2048.jpg 1365w, https:\/\/balistiquemusique.com\/wp-content\/uploads\/2022\/06\/Balistique-Musique-0037-8x12.jpg 8w, https:\/\/balistiquemusique.com\/wp-content\/uploads\/2022\/06\/Balistique-Musique-0037-scaled.jpg 1707w\" sizes=\"(max-width: 683px) 100vw, 683px\" \/><\/figure><\/div>","protected":false},"excerpt":{"rendered":"<p>\u00c9tienne Boulay a jou\u00e9 7 saisons professionnelles (New York Jets, Montr\u00e9al Alouettes, Toronto Argonauts) avant de devenir impliqu\u00e9 dans les communications et les m\u00e9dias au Qu\u00e9bec. Il a \u00e9galement anim\u00e9 une \u00e9mission de radio matinale populaire sur une grande station commerciale de Montr\u00e9al. Son r\u00e9seau professionnel est impressionnant et des personnes issues de nombreux domaines [&hellip;]<\/p>\n","protected":false},"author":1,"featured_media":0,"parent":0,"menu_order":0,"comment_status":"closed","ping_status":"closed","template":"","meta":{"_coblocks_attr":"","_coblocks_dimensions":"{\"coblocks-hero-520141134121\":{\"padding\":{}}}","_coblocks_responsive_height":"{\"coblocks-hero-520141134121\":{\"height\":{\"height\":500}}}","_coblocks_accordion_ie_support":"","hide_page_title":"","footnotes":""},"class_list":["post-164","page","type-page","status-publish","hentry"],"_links":{"self":[{"href":"https:\/\/balistiquemusique.com\/en\/wp-json\/wp\/v2\/pages\/164","targetHints":{"allow":["GET"]}}],"collection":[{"href":"https:\/\/balistiquemusique.com\/en\/wp-json\/wp\/v2\/pages"}],"about":[{"href":"https:\/\/balistiquemusique.com\/en\/wp-json\/wp\/v2\/types\/page"}],"author":[{"embeddable":true,"href":"https:\/\/balistiquemusique.com\/en\/wp-json\/wp\/v2\/users\/1"}],"replies":[{"embeddable":true,"href":"https:\/\/balistiquemusique.com\/en\/wp-json\/wp\/v2\/comments?post=164"}],"version-history":[{"count":7,"href":"https:\/\/balistiquemusique.com\/en\/wp-json\/wp\/v2\/pages\/164\/revisions"}],"predecessor-version":[{"id":699,"href":"https:\/\/balistiquemusique.com\/en\/wp-json\/wp\/v2\/pages\/164\/revisions\/699"}],"wp:attachment":[{"href":"https:\/\/balistiquemusique.com\/en\/wp-json\/wp\/v2\/media?parent=164"}],"curies":[{"name":"wp","href":"https:\/\/api.w.org\/{rel}","templated":true}]}}